{"id":2489,"date":"2018-11-20T00:20:25","date_gmt":"2018-11-19T22:20:25","guid":{"rendered":"https:\/\/2019.estofestival.com\/?page_id=2489"},"modified":"2019-07-03T08:40:16","modified_gmt":"2019-07-03T05:40:16","slug":"programme","status":"publish","type":"page","link":"https:\/\/2019.estofestival.com\/en\/programme\/","title":{"rendered":"Programme"},"content":{"rendered":"<p>&nbsp;<\/p>\n<p style=\"text-align: center;\"><span style=\"font-size: 14pt;\"><a href=\"#hel\">HELSINKI<\/a><span class=\"st\"> | <\/span><a href=\"#tar\">TARTU<\/a><span class=\"st\"> | <\/span><span class=\"st\"><a href=\"#tal\">TALLINN<\/a><a id=\"hel\"><\/a><\/span><\/span><\/p>\n<h1>Helsinki<\/h1>\n<h3>Thursday, June 27<\/h3>\n<p><strong>12.00 &#8211; 16.00<\/strong> <strong>Open house at Estonian House,\u00a0<\/strong><span style=\"font-size: 10pt;\">S\u00f6rn\u00e4isten rantatie 22<br \/>\n<\/span><strong>14.00<\/strong> <a href=\"http:\/\/www.helsinki.fi\/hum\/ajankohtaista\/2013\/11\/1109b.htm\" target=\"_blank\" rel=\"noopener\">Heikki Rausmaa<\/a> \u201cMuch could be done under in the name of culture\u201d<br \/>\n<strong>15.00<\/strong> <a href=\"https:\/\/fi.wikipedia.org\/wiki\/Seppo_Zetterberg\" target=\"_blank\" rel=\"noopener\">Seppo Zetterberg<\/a> \u201cThe Finnish bridge\u201d<br \/>\n<strong>17.30<\/strong> Discovering Helsinki &#8211; Guided tour<\/p>\n<h3>Friday, June 28<\/h3>\n<p><em>&#8212; Opening of Estonian Handicraft, Design and Art Fair at <a href=\"https:\/\/en.wikipedia.org\/wiki\/Helsinki_Senate_Square\" target=\"_blank\" rel=\"noopener\">Senate Square<\/a> (Senaatintori) &#8212;<\/em><\/p>\n<p>6.30 &#8211; 14.00 <strong>Sauna<\/strong>, open air <strong><a href=\"https:\/\/www.allasseapool.fi\/en\/\" target=\"_blank\" rel=\"noopener\">Allas Sea Pool,\u00a0<\/a><\/strong><span style=\"font-size: 10pt;\">Katajanokanlaituri 2<\/span><strong><br \/>\n10.00 -12.30<\/strong>\u00a0<a href=\"https:\/\/2019.estofestival.com\/en\/youth-and-the-future-seminar-in-helsinki\/\" target=\"_blank\" rel=\"noopener\"><strong>Seminar &#8220;Youth &amp; Future&#8221;<\/strong><\/a>,\u00a0<a href=\"https:\/\/www.oodihelsinki.fi\/en\/\" target=\"_blank\" rel=\"noopener\">Central Library Oodi,\u00a0<\/a><span style=\"font-size: 10pt;\">T\u00f6\u00f6l\u00f6nlahdenkatu 4<br \/>\n<\/span><strong>13.30 &#8211; 14.30<\/strong> <strong>ESTO 2019 opening ceremony,\u00a0<\/strong><a href=\"https:\/\/www.helsinginseurakunnat.fi\/en\/index\/helsingintuomiokirkko.html.stx\" target=\"_blank\" rel=\"noopener\">Helsinki Cathedral,\u00a0<\/a><span style=\"font-size: 10pt;\">Unioninkatu 29<\/span><strong><br \/>\n14.45 &#8211; 16.15<\/strong>\u00a0<strong>Concert Bridge Across Times,<\/strong>\u00a0<a href=\"https:\/\/en.wikipedia.org\/wiki\/Helsinki_Senate_Square\" target=\"_blank\" rel=\"noopener\">Senate Square,\u00a0<\/a><span style=\"font-size: 10pt;\">Unioninkatu 29<br \/>\n<\/span><strong>16.45<\/strong> Buses to the harbour<br \/>\n<strong>17.30<\/strong> <strong>&#8211; 19.30<\/strong> <strong>Dinner<\/strong>, <a href=\"https:\/\/www.tallinksilja.com\/silja-europa-cruise-ship#tabs-content-2\" target=\"_blank\" rel=\"noopener\">Grande Buffet,\u00a0<\/a>Silja Europa<br \/>\n<strong>18.30 <\/strong>Tallink <a href=\"https:\/\/www.tallinksilja.com\/silja-europa-cruise-ship#tabs-content-2\" target=\"_blank\" rel=\"noopener\">Silja Europa <\/a>departs from Helsinki to Tallinn<br \/>\n<strong>20.00<\/strong> <a href=\"https:\/\/2019.estofestival.com\/en\/opening-gala-party-on-board-silja-europa\/\" target=\"_blank\" rel=\"noopener\"><strong>ESTO 2019 Opening Gala Party<\/strong>,<\/a>\u00a0Teater Europa &amp; Ocean Club<br \/>\n&#8211; EstDocs@ESTO: <a href=\"https:\/\/estdocs.com\/\" target=\"_blank\" rel=\"noopener\">Collection of &#8220;Tales of Miriam&#8221; (2003-2017) &amp;\u00a0Eia`s Christmas at Phantom Owl Farm (2018)<\/a><br \/>\n<a id=\"tar\"><\/a><\/p>\n<hr \/>\n<h1>Tartu<\/h1>\n<h3>Saturday, June 29<\/h3>\n<p><em>&#8212; <a href=\"https:\/\/en.wikipedia.org\/wiki\/Tartu\" target=\"_blank\" rel=\"noopener\">Tartu City Day<\/a> &#8212;<br \/>\n<\/em><\/p>\n<p><strong>08.00<\/strong> ESTO buses for <strong>youth delegates<\/strong> depart for Tartu, Tallink D-terminal<br \/>\n<strong>09.00<\/strong> ESTO buses depart for <a href=\"https:\/\/en.wikipedia.org\/wiki\/Tartu\" target=\"_blank\" rel=\"noopener\">Tartu,\u00a0<\/a>Tallink D-terminal<br \/>\n<strong>11.00 &#8211; 17.00\u00a0Open house <a href=\"https:\/\/linnamuuseum.tartu.ee\/en\/laulupeomuuseum\/taiskasvanule\/\" target=\"_blank\" rel=\"noopener\">Tartu Song Festival Museum<\/a><\/strong>, <span style=\"font-size: 10pt;\">Jaama 14<\/span><strong><br \/>\n12.00 Student Fair<\/strong> <strong>#StudyinEstonia<\/strong>, <a href=\"https:\/\/www.muuseum.ut.ee\/en\" target=\"_blank\" rel=\"noopener\">University of Tartu Museum<\/a>, <span style=\"font-size: 10pt;\">Lossi 25<\/span><br \/>\n<strong>13.00 Youth Congress<\/strong>, <a href=\"https:\/\/www.muuseum.ut.ee\/en\" target=\"_blank\" rel=\"noopener\">University of Tartu Museum<\/a>, <span style=\"font-size: 10pt;\">Lossi 25<br \/>\n<\/span><strong>14.00<\/strong> <strong>Cruise<\/strong> on the river Emaj\u00f5gi for ESTO gold passes by<a href=\"https:\/\/fienta.com\/et\/esto-2019-laevasoit-emajoel\" target=\"_blank\" rel=\"noopener\"> Pegasus<\/a>, Dorpat hotel, Soola 6<br \/>\n<strong>15.00<\/strong> <strong>#NOORTEKAS\u00a0<\/strong>Cruise on the <a href=\"https:\/\/en.wikipedia.org\/wiki\/Emaj\u00f5gi\" target=\"_blank\" rel=\"noopener\">river Emaj\u00f5gi<\/a>\u00a0for youth delegates by ALFA<br \/>\n<b>15.00 Exhibition <\/b>&#8220;Sport Activities of Estonians in Canada&#8221; opening, <a href=\"https:\/\/www.spordimuuseum.ee\/en\" target=\"_blank\" rel=\"noopener\">Estonian Sports &amp; Olympic Museum<\/a>,\u00a0<span style=\"font-size: 10pt;\">R\u00fc\u00fctli 5<\/span><br \/>\n<strong>18.00 ESTO Song<\/strong>, <a href=\"https:\/\/www.visitestonia.com\/en\/town-hall-square-in-tartu\" target=\"_blank\" rel=\"noopener\">Tartu Town Hall Square<\/a><br \/>\n<strong>20.00<\/strong>\u00a0<strong>Discovering Tartu<\/strong>, <a href=\"https:\/\/fienta.com\/et\/esto-2019-jalutuskaik-tudengi-radadel\" target=\"_blank\" rel=\"noopener\">Guided tour<\/a>, <span style=\"font-size: 10pt;\">Vanemuise 6<\/span><br \/>\n<strong>21.00 SALAK\u00d5RTS<\/strong>, <strong><a href=\"https:\/\/fienta.com\/esto-2019-salakorts-urmas-karner-the-puus-bros-band\" target=\"_blank\" rel=\"noopener\">Urmas K\u00e4rner &amp; the Puus Brothers<\/a>,<\/strong>\u00a0<a href=\"http:\/\/pyss.ee\/?lang=en\" target=\"_blank\" rel=\"noopener\">Gunpowder Cellar<\/a>, <span style=\"font-size: 10pt;\">Lossi 28<\/span><\/p>\n<h3>Sunday, June 30<\/h3>\n<p><strong>11.00 Church Service<\/strong>, <a href=\"https:\/\/en.wikipedia.org\/wiki\/St._John%27s_Church,_Tartu\" target=\"_blank\" rel=\"noopener\">St John\u2019s Church,\u00a0<\/a><span style=\"font-size: 10pt;\">Jaani 5<br \/>\n<\/span><strong>13.00 Seminar and workshops \u201cHow to Teach My Child Estonian\u201d<\/strong>, <a href=\"https:\/\/www.ut.ee\/en\" target=\"_blank\" rel=\"noopener\">Tartu University\u00a0<\/a><span style=\"font-size: 10pt;\">(Estonian and English)<\/span>,\u00a0<span style=\"font-size: 10pt;\">\u00dclikooli 18<\/span><br \/>\n<strong>13.00 &#8211; 16.00 Seminar and workshops \u201cFind Your Roots\u201d<\/strong> <span style=\"font-size: 10pt;\">(excursion 60 min,\u00a0Estonian and English)<\/span> <a href=\"http:\/\/www.ra.ee\/en\/national-archives\/noora\/\" target=\"_blank\" rel=\"noopener\">Noora,<\/a> National Archives in Tartu, <span style=\"font-size: 10pt;\">Nooruse 3<\/span><\/p>\n<p><strong><span style=\"font-size: 14pt;\">ESTO@<a href=\"https:\/\/www.erm.ee\/en\" target=\"_blank\" rel=\"noopener\">Estonian National Museum<\/a><\/span><\/strong><span style=\"font-size: 14pt;\">\u00a0ERM,<\/span> <span style=\"font-size: 10pt;\">Muuseumi tee 2<\/span><br \/>\n&#8211; from 12.00 Lunch, ERM <a href=\"https:\/\/www.erm.ee\/en\/services\/restaurantsandcatering\" target=\"_blank\" rel=\"noopener\">Restaurant &amp; Caf\u00e9<\/a><br \/>\n<strong>13.00-17.00<a href=\"https:\/\/estdocs.com\/\" target=\"_blank\" rel=\"noopener\"> Estdocs@ESTO<\/a><\/strong>, Jakob Hurt\u00b4s Hall<br \/>\n<strong>13.00\u00a0Guided tour<\/strong> for ESTO passes<br \/>\n<strong>13.00<\/strong> Folk culture <strong>workshop for kids &amp; youth<\/strong> for ESTO passes<br \/>\n<strong>16.00 Concert &#8211;<\/strong> Folk dance by Saare Vikat (New York) Song by \u00d5unake (Tver)<strong><br \/>\n17.00 Exhibition \u201cESTO &#8211; The Keeper of Global Estonianness\u201d opening<\/strong><br \/>\n<strong>21.00 Salak\u00f5rts DJ Vaiko Eplik &#8211; ESTO pop music 1955-1985<\/strong>,\u00a0<a href=\"http:\/\/pyss.ee\/?lang=en\" target=\"_blank\" rel=\"noopener\">Gunpowder Cellar<\/a>, <br \/>\n<span style=\"font-size: 10pt;\">Lossi 28<\/p>\n<p><\/span><a id=\"tal\"><\/a><\/p>\n<hr \/>\n<h1>Tallinn<\/h1>\n<h3>Monday, July 1<\/h3>\n<p><strong>08.00 <\/strong>Buses for youth delegates to Tallinn<strong><br \/>\n09.00<\/strong> All aboard the ESTO buses to Tallinn, <span style=\"font-size: 10pt;\">Vanemuise parking<br \/>\n<strong>11.00 #NOORTEKAS<\/strong> Study visit to the Estonian Academy od Sciences, Kohtu 6<br \/>\n<\/span><\/p>\n<p><strong>13.00-17.00<\/strong>\u00a0\u00a0\u00a0<strong><a href=\"https:\/\/www.balther.net\/cooperation-2\/summer-schools\/\" target=\"_blank\" rel=\"noopener\">BaltHerNet<\/a> Summer School<\/strong>\u00a0\u201cMa ise ilutegija\u201d <a href=\"https:\/\/www.tmm.ee\/en\" target=\"_blank\" rel=\"noopener\">Estonian Theatre &amp; Music Museum<\/a>,\u00a0<span style=\"font-size: 10pt;\">M\u00fc\u00fcrivahe 12<\/span><\/p>\n<p><span style=\"font-size: 14pt;\"><strong>ESTO@<a href=\"https:\/\/telliskivi.cc\/en\/\" target=\"_blank\" rel=\"noopener\">Telliskivi Creative City<\/a><br \/>\n<\/strong><\/span><\/p>\n<p><strong>13.00 &#8211; 18.00\u00a0<a href=\"https:\/\/estdocs.com\/\" target=\"_blank\" rel=\"noopener\">EstDocs@ESTO<\/a> Film Festival<\/strong><span style=\"font-size: 10pt;\">, S\u00f5ltumatu Tantsu Lava, Telliskivi 60a\/9<br \/>\n<span style=\"font-size: 13.3333px;\"><strong>13.00 #NOORTEKAS<\/strong>\u00a0Film workshop &#8211; Becoming an youtouber, Vaba Lava<\/span><br \/>\n<\/span><\/p>\n<p><strong>13.00 Networks meet-up<\/strong>, <a href=\"https:\/\/www.erinevatetubadeklubi.ee\/en\/tallinn\/rooms\/\" target=\"_blank\" rel=\"noopener\">Club of Different Rooms<\/a>,\u00a0<span style=\"font-size: 10pt;\">Telliskivi 60-A1-65<br \/>\n<\/span>13.00 &#8211; 14.00\u00a0Learning Estonian abroad<br \/>\n14.10 &#8211; 15.10\u00a0Youth networking &amp; camps<br \/>\n15.20 &#8211; 16.20 Estonian media and information channels abroad<br \/>\n16.30 &#8211; 17.30\u00a0Estonian Houses and camps<br \/>\n17.40 &#8211; 18.40\u00a0Estonian church abroad<br \/>\n18.50 &#8211; 19.50 Estonian researchers abroad<br \/>\n<strong>19.00\u00a0 CANADA DAY\u00a0<\/strong><strong>Oh Canada!<\/strong>, <a href=\"https:\/\/www.karbes.ee\/\" target=\"_blank\" rel=\"noopener\">Kitchen&amp;Bar K\u00e4rbes<\/a>,\u00a0<span style=\"font-size: 13.3333px;\">Telliskivi 60 A, C1<\/span><br \/>\n&#8211;\u00a0\u00a0Exhibitions, Roheline saal<\/p>\n<h3>\nTuesday, July 2<\/h3>\n<p><b>9.00-13.00 <a href=\"https:\/\/www.balther.net\/cooperation-2\/summer-schools\/\" target=\"_blank\" rel=\"noopener\">BaltHerNet<\/a> Summer School\u00a0<\/b>\u201cMa ise ilutegija\u201d\u00a0<a href=\"https:\/\/adamson-eric.ekm.ee\/en\/about-the-museum\/\" target=\"_blank\" rel=\"noopener\">Adamson Eric\u00a0Museum,\u00a0<\/a><span style=\"font-size: 10pt;\">L\u00fchike jalg 3<\/p>\n<p><strong><span style=\"font-size: 12pt;\">13.00-16.00 <\/span><\/strong><span style=\"font-size: 12pt;\">Networking meet-up<\/span><strong><span style=\"font-size: 12pt;\"> Estonian Art &amp; Artists,\u00a0<\/span><\/strong><span style=\"font-size: 12pt;\">TallinnArtSpace<\/span><\/span><\/p>\n<p><span style=\"font-size: 14pt;\"><strong>ESTO@<a href=\"https:\/\/telliskivi.cc\/en\/\" target=\"_blank\" rel=\"noopener\">Telliskivi Creative City<\/a><br \/>\n<\/strong><\/span><strong>09.00 &#8211; 18.00 National Congress<\/strong>,\u00a0<a href=\"https:\/\/www.erinevatetubadeklubi.ee\/en\/tallinn\/location\/\" target=\"_blank\" rel=\"noopener\">Club of Different Rooms<\/a>,\u00a0<span style=\"font-size: 10pt;\">Telliskivi\u00a060\u00a0<br \/>\n<\/span><strong>13.00 &#8211; 18.00<\/strong>\u00a0<strong><a href=\"https:\/\/estdocs.com\/\" target=\"_blank\" rel=\"noopener\">EstDocs@ESTO<\/a> Film Festival<\/strong>,\u00a0<span style=\"font-size: 10pt;\">S\u00f5ltumatu Tantsu Lava, Telliskivi 60a\/9<br \/>\n<\/span><strong><span style=\"font-size: 10pt;\"><span style=\"font-size: 13.3333px;\">13.00 #NOORTEKAS\u00a0Film workshop &#8211; Becoming an youtouber<\/span><\/span><\/strong><span style=\"font-size: 10pt;\"><span style=\"font-size: 13.3333px;\">, Vaba Lava<\/span><\/span><strong><span style=\"font-size: 10pt;\"><span style=\"font-size: 13.3333px;\"><br \/>\n<\/span><\/span><\/strong><strong>19.00 Theatre &#8220;My Estonian Granny&#8221; <\/strong><span style=\"font-size: 10pt;\">(in Estonian and Russian)\u00a0<\/span>Vaba Lava, <span style=\"font-size: 10pt;\">Telliskivi 60a\/9<\/span><strong><br \/>\n20.00 SALAK\u00d5RTS, Piret Tatar &amp; DJ Martin J\u00f5ela\u00a0<\/strong><a href=\"https:\/\/www.karbes.ee\/\" target=\"_blank\" rel=\"noopener\">Kitchen&amp;Bar K\u00e4rbes<\/a>,\u00a0<span style=\"font-size: 13.3333px;\">Telliskivi 60 A, C1<\/span><strong><span style=\"font-size: 13.3333px;\"><br \/>\n<\/span><\/strong><strong>22.00\u00a0 #NOORTEKAS &#8211; Lepatriinu; Ingel &amp; Frank,\u00a0<\/strong><a href=\"https:\/\/www.erinevatetubadeklubi.ee\/en\/tallinn\/location\/\" target=\"_blank\" rel=\"noopener\">Club of Different Rooms<\/a>,\u00a0<br \/>\n<span style=\"font-size: 10pt;\">Telliskivi 60-A1-65<\/span><\/p>\n<h3>Wednesday, July 3<\/h3>\n<p><strong><span style=\"font-size: 14pt;\">ESTO@<a href=\"https:\/\/www.ajaloomuuseum.ee\/en\" target=\"_blank\" rel=\"noopener\">Maarjam\u00e4e History Centre<\/a><br \/>\n<\/span><\/strong><strong>10.00 Guided tour<\/strong>\u00a0<a href=\"https:\/\/www.memoriaal.ee\/en\/memorial\/#directions\" target=\"_blank\" rel=\"noopener\"><strong>The Memorial for Vic<\/strong><strong>tims of Communisim 1940-1991,\u00a0<\/strong><\/a><br \/>\n<span style=\"font-size: 10pt;\">Maarjam\u00e4e, Pirita road<br \/>\n<\/span><strong>11.00 Commemorative Ceremony\u00a0<a href=\"https:\/\/www.memoriaal.ee\/en\/garden\/\" target=\"_blank\" rel=\"noopener\">Home Garden<\/a><\/strong><strong>,<\/strong>\u00a0<span style=\"font-size: 10pt;\">Maarjam\u00e4e, Pirita road<\/span><strong><br \/>\n13.00 Guided tour (in English) at exhibition &#8220;<a href=\"https:\/\/www.ajaloomuuseum.ee\/exhibitions\/permanent-exhibitions\/minu-vaba-riik\" target=\"_blank\" rel=\"noopener\">My Free Country<\/a>&#8220;<\/strong><span style=\"font-size: 10pt;\">,<\/span>\u00a0<span style=\"font-size: 10pt;\"><a href=\"https:\/\/www.ajaloomuuseum.ee\/visiting\/buildings\/maarjamae-palace\" target=\"_blank\" rel=\"noopener\">Maarjam\u00e4e Palace<\/a>,<\/span> <span style=\"font-size: 10pt;\">Pirita tee 56<br \/>\n<\/span>* Lunch at <a href=\"https:\/\/www.ajaloomuuseum.ee\/visiting\/restaurant-maarjamae\" target=\"_blank\" rel=\"noopener\">Restaurant Maarjam\u00e4e<\/a><br \/>\n<strong>13.00 Conference &#8220;Estonian Footprints in the World&#8221;<\/strong>, <a href=\"https:\/\/www.ajaloomuuseum.ee\/visiting\/buildings\/filmmuseum\" target=\"_blank\" rel=\"noopener\">Filmmuseum<\/a>,\u00a0<span style=\"font-size: 8pt;\">Pirita tee 56<\/span><br \/>\n<strong>20.00 ESTO 2019 GALA BALL<\/strong>, <a href=\"http:\/\/meremuuseum.ee\/lennusadam\/en\/the-museum\/the-seaplane-harbours-story\/\" target=\"_blank\" rel=\"noopener\">Seaplane Harbour<\/a>, <span style=\"font-size: 8pt;\">Vesilennuki 6<\/span><br \/>\n<strong>20.00<\/strong> <strong>SALAK\u00d5RTS, DJ Kristjan Kaunissaar\u00a0<\/strong><a href=\"https:\/\/www.karbes.ee\/\" target=\"_blank\" rel=\"noopener\">Kitchen&amp;Bar K\u00e4rbes<\/a>,\u00a0<span style=\"font-size: 13.3333px;\">Telliskivi 60 A, C1<\/span><\/p>\n<p>Thursday, July 4<\/p>\n<p>10.00 Guided Tour,\u00a0<a href=\"http:\/\/hiddentallinn.com\/abandoned-prison-patarei\/\" target=\"_blank\" rel=\"noopener\">Patarei Prison,\u00a0<\/a><span style=\"font-size: 8pt;\">Suur-Patarei 28 <br \/>\n<\/span>11.00 Guided Tour,\u00a0<a href=\"http:\/\/hiddentallinn.com\/abandoned-prison-patarei\/\" target=\"_blank\" rel=\"noopener\">Patarei Prison,\u00a0<\/a><span style=\"font-size: 8pt;\">Suur-Patarei 28\u00a0\u00a0<br \/>\n<\/span><strong>12.00 Exhibition \u201cSharing Our Stories: The Balitc Diaspora at Home in Canada\u201d opening<\/strong>, Patarei Prison, <span style=\"font-size: 10pt;\">Suur-Patarei 28<\/span><\/p>\n","protected":false},"excerpt":{"rendered":"<p>&nbsp; HELSINKI | TARTU | TALLINN Helsinki Thursday, June 27 12.00 &#8211; 16.00 Open house at Estonian House,\u00a0S\u00f6rn\u00e4isten rantatie 22 14.00 Heikki Rausmaa \u201cMuch could be done under in the name of culture\u201d 15.00 Seppo Zetterberg \u201cThe Finnish bridge\u201d 17.30 Discovering Helsinki &#8211; Guided tour Friday, June 28 &#8212; Opening of Estonian Handicraft, Design and [&hellip;]<\/p>\n","protected":false},"author":1,"featured_media":0,"parent":0,"menu_order":0,"comment_status":"closed","ping_status":"closed","template":"","meta":{"footnotes":"","_links_to":"","_links_to_target":""},"_links":{"self":[{"href":"https:\/\/2019.estofestival.com\/en\/wp-json\/wp\/v2\/pages\/2489"}],"collection":[{"href":"https:\/\/2019.estofestival.com\/en\/wp-json\/wp\/v2\/pages"}],"about":[{"href":"https:\/\/2019.estofestival.com\/en\/wp-json\/wp\/v2\/types\/page"}],"author":[{"embeddable":true,"href":"https:\/\/2019.estofestival.com\/en\/wp-json\/wp\/v2\/users\/1"}],"replies":[{"embeddable":true,"href":"https:\/\/2019.estofestival.com\/en\/wp-json\/wp\/v2\/comments?post=2489"}],"version-history":[{"count":41,"href":"https:\/\/2019.estofestival.com\/en\/wp-json\/wp\/v2\/pages\/2489\/revisions"}],"predecessor-version":[{"id":5128,"href":"https:\/\/2019.estofestival.com\/en\/wp-json\/wp\/v2\/pages\/2489\/revisions\/5128"}],"wp:attachment":[{"href":"https:\/\/2019.estofestival.com\/en\/wp-json\/wp\/v2\/media?parent=2489"}],"curies":[{"name":"wp","href":"https:\/\/api.w.org\/{rel}","templated":true}]}}