{"id":2522,"date":"2018-11-20T00:48:54","date_gmt":"2018-11-19T22:48:54","guid":{"rendered":"https:\/\/2019.estofestival.com\/?page_id=2522"},"modified":"2019-04-04T00:18:24","modified_gmt":"2019-04-03T21:18:24","slug":"youth-special-programme","status":"publish","type":"page","link":"https:\/\/2019.estofestival.com\/en\/youth-special-programme\/","title":{"rendered":"Youth special programme"},"content":{"rendered":"<h4>ESTO2019 \u201cOur Future\u201d brings the youth a special programme &#8211; find an event you enjoy and join us!<\/h4>\n<h1>Helsinki<\/h1>\n<h4>Thursday, 27. June<strong><br \/>\n<\/strong><\/h4>\n<p><strong>12.00 &#8211; 16.00<\/strong> <strong>Open House at Eesti Maja<\/strong>, S\u00f6rn\u00e4isten rantatie 22<br \/>\n13.00 Youth caf\u00e9,\u00a0Circus Helsinki\u00a0(the same entrance as Eesti Maja)\u00a0<br \/>\n14.00 Historian Heikki Rausmaa &#8220;Much could be done in the name of culture\u201d<br \/>\n15.00 Historian Seppo Zetterberg &#8220;The Finnish bridge\u201d<br \/>\n<strong>17.00<\/strong> Discovering Helsinki &#8211; <strong>Estonian Culture Trails in Helsinki<\/strong>,\u00a0<span style=\"font-size: 10pt;\">bus leaving from\u00a0<\/span><span style=\"font-size: 10pt;\">CheapSleep hostel,\u00a0<\/span><a style=\"text-decoration-line: underline; font-size: 10pt;\" href=\"https:\/\/www.google.com\/maps\/place\/Sturenkatu+27b,+00510+Helsinki,+Finland\/@60.193684,24.9541834,17z\/data=!3m1!4b1!4m5!3m4!1s0x46920982ef315535:0x85c430b0d06ec146!8m2!3d60.193684!4d24.9563721\" target=\"_blank\" rel=\"noopener\">Sturenkatu 27B<\/a><span style=\"font-size: 10pt;\"><br \/>\n<\/span><strong>20.30 Collective jam<\/strong>,\u00a0<span style=\"font-size: 10pt;\">Alppila,\u00a0Kotkankatu 2<\/span><\/p>\n<h4>Friday, 28. June<\/h4>\n<p>6.30 \u2013 14.00\u00a0<strong>Sauna<\/strong>, open air\u00a0<strong><a href=\"https:\/\/www.allasseapool.fi\/en\/\" target=\"_blank\" rel=\"noopener\">Allas Sea Pool,\u00a0<\/a><\/strong><span style=\"font-size: 10pt;\">Katajanokanlaituri 2<\/span><strong><br \/>\n10.30 -13.00<\/strong>\u00a0<a href=\"https:\/\/2019.estofestival.com\/en\/youth-and-the-future-seminar-in-helsinki\/\" target=\"_blank\" rel=\"noopener\"><strong>Seminar \u201cYouth &amp; Future\u201d<\/strong><\/a>,\u00a0<a href=\"https:\/\/www.oodihelsinki.fi\/en\/\" target=\"_blank\" rel=\"noopener\">Central Library Oodi,\u00a0<\/a><span style=\"font-size: 10pt;\">T\u00f6\u00f6l\u00f6nlahdenkatu 4<\/span><br \/>\n<strong>13.30 \u2013 14.30<\/strong>\u00a0<strong>ESTO 2019 opening ceremony,\u00a0<\/strong><a href=\"https:\/\/www.helsinginseurakunnat.fi\/en\/index\/helsingintuomiokirkko.html.stx\" target=\"_blank\" rel=\"noopener\">Helsinki Cathedral,\u00a0<\/a><span style=\"font-size: 10pt;\">Unioninkatu 29<\/span><strong><br \/>\n14.45 \u2013 16.15<\/strong>\u00a0<strong>Concert Bridge Across Times,<\/strong>\u00a0<a href=\"https:\/\/en.wikipedia.org\/wiki\/Helsinki_Senate_Square\" target=\"_blank\" rel=\"noopener\">Senate Square,\u00a0<\/a><span style=\"font-size: 10pt;\">Unioninkatu 29<\/span><br \/>\n<strong>16.45<\/strong>\u00a0Buses to the harbour<br \/>\n<strong>17.30<\/strong>\u00a0<strong>\u2013 19.30<\/strong>\u00a0<strong>Dinner<\/strong>,\u00a0<a href=\"https:\/\/www.tallinksilja.com\/silja-europa-cruise-ship#tabs-content-2\" target=\"_blank\" rel=\"noopener\">Grande Buffet,\u00a0<\/a>Silja Europa<br \/>\n<strong>18.30\u00a0<\/strong>Tallink\u00a0<a href=\"https:\/\/www.tallinksilja.com\/silja-europa-cruise-ship#tabs-content-2\" target=\"_blank\" rel=\"noopener\">Silja Europa\u00a0<\/a>departs from Helsinki to Tallinn<br \/>\n<strong>20.00<\/strong>\u00a0<a href=\"https:\/\/2019.estofestival.com\/en\/opening-gala-party-on-board-silja-europa\/\" target=\"_blank\" rel=\"noopener\"><strong>ESTO 2019 Opening Gala Party<\/strong>,<\/a>\u00a0Teater Europa &amp; Ocean Club<br \/>\n\u2013 EstDocs@ESTO for children &amp; youth<\/p>\n<h1>Tartu<\/h1>\n<h4>Saturday, 29. June<\/h4>\n<p>&#8212; <em><a href=\"https:\/\/en.wikipedia.org\/wiki\/Tartu\" target=\"_blank\" rel=\"noopener\">Tartu City Day<\/a><\/em> &#8212;<\/p>\n<p><strong>09.00<\/strong>\u00a0ESTO buses depart for\u00a0<a href=\"https:\/\/en.wikipedia.org\/wiki\/Tartu\" target=\"_blank\" rel=\"noopener\">Tartu,\u00a0<\/a><span style=\"font-size: 10pt;\">Tallink D-terminal<\/span><strong><br \/>\n12.00 Student Fair<\/strong>\u00a0<strong>#StudyEstonia<\/strong>,<span style=\"font-size: 10pt;\">\u00a0<a href=\"https:\/\/www.muuseum.ut.ee\/en\" target=\"_blank\" rel=\"noopener\">University of Tartu Museum<\/a>,\u00a0Lossi 25<\/span><br \/>\n<strong>13.00 Youth Congress<\/strong>,\u00a0<span style=\"font-size: 10pt;\"><a href=\"https:\/\/www.muuseum.ut.ee\/en\" target=\"_blank\" rel=\"noopener\">University of Tartu Museum<\/a>,\u00a0Lossi 25<\/span><br \/>\n<strong>15.00<\/strong>\u00a0<strong>#NOORTEKAS\u00a0<\/strong>Cruise on the\u00a0<a href=\"https:\/\/en.wikipedia.org\/wiki\/Emaj%C3%B5gi\" target=\"_blank\" rel=\"noopener\">river Emaj\u00f5gi<\/a>\u00a0<span style=\"font-size: 10pt;\">(age-group 14-26)<\/span><br \/>\n<b>15.00 Exhibition\u00a0<\/b>\u201cSport Activities of Estonians in Canada\u201d opening,\u00a0<span style=\"font-size: 10pt;\"><a href=\"https:\/\/www.spordimuuseum.ee\/en\" target=\"_blank\" rel=\"noopener\">Estonian Sports &amp; Olympic Museum<\/a>,\u00a0R\u00fc\u00fctli 5<\/span><br \/>\n<strong>18.00 ESTO Song<\/strong>,<span style=\"font-size: 10pt;\">\u00a0<a href=\"https:\/\/www.visitestonia.com\/en\/town-hall-square-in-tartu\" target=\"_blank\" rel=\"noopener\">Tartu Town Hall Square<\/a><\/span><br \/>\n<strong>20.00<\/strong>\u00a0Fraternity gatherings<br \/>\n<strong>20.00 #NOORTEKAS<\/strong>,<span style=\"font-size: 10pt;\">\u00a0<a href=\"https:\/\/www.tartuloodusmaja.ee\/en\/\" target=\"_blank\" rel=\"noopener\">Tartu Nature School<\/a>,\u00a0Lille 10\u00a0<\/span><br \/>\n\u2013 Night tour\u00a0<a href=\"https:\/\/virtualtour.ut.ee\/?lang=en\" target=\"_blank\" rel=\"noopener\">at city central<\/a><\/p>\n<h4>Sunday, 30. June<\/h4>\n<p><strong>11.00 Church Service<\/strong>,<span style=\"font-size: 10pt;\">\u00a0<a href=\"https:\/\/en.wikipedia.org\/wiki\/St._John%27s_Church,_Tartu\" target=\"_blank\" rel=\"noopener\">St John\u2019s Church,\u00a0<\/a>Jaani 5<\/span><br \/>\n<strong>13.00 \u2013 16.00 Seminar and workshops \u201cFind Your Roots\u201d<\/strong>\u00a0<span style=\"font-size: 10pt;\">(excursion 60 min,\u00a0Estonian and English)\u00a0<a href=\"http:\/\/www.ra.ee\/en\/national-archives\/noora\/\" target=\"_blank\" rel=\"noopener\">Noora,\u00a0<\/a>National Archives in Tartu,\u00a0Nooruse 3<\/span><\/p>\n<p><strong>11.00 \u2013 17.00<\/strong>\u00a0<strong>Open house\u00a0<a href=\"https:\/\/linnamuuseum.tartu.ee\/en\/laulupeomuuseum\/taiskasvanule\/\" target=\"_blank\" rel=\"noopener\">Tartu Song Festival Museum<\/a><\/strong>,\u00a0<span style=\"font-size: 10pt;\">Jaama 14<\/span><br \/>\n<strong><br \/>\nESTO@<a href=\"https:\/\/www.erm.ee\/en\" target=\"_blank\" rel=\"noopener\">Estonian National Museum<\/a><\/strong>\u00a0ERM,<span style=\"font-size: 10pt;\">\u00a0Muuseumi tee 2<\/span><br \/>\n\u2013 from 12.00 Lunch, ERM\u00a0<a href=\"https:\/\/www.erm.ee\/en\/services\/restaurantsandcatering\" target=\"_blank\" rel=\"noopener\">Restaurant &amp; Caf\u00e9<\/a><br \/>\n\u2013 Guided tour\u00a0(Estonian, English, French, German)<br \/>\n\u2013 Folk culture workshops for kids and youth<br \/>\n<strong>13.00-17.00 Estdocs@ESTO<\/strong>, <span style=\"font-size: 10pt;\">Jakob Hurt\u00b4s Hall<\/span><br \/>\n<strong>17.00 Exhibition \u201cESTO \u2013 The Keeper of Global Estonianness\u201d opening<\/strong><br \/>\n<strong>19.00<\/strong>\u00a0<a href=\"https:\/\/www.rakvereteater.ee\/rakvere-theatre\" target=\"_blank\" rel=\"noopener\">Rakvere Theatre<\/a>\u00a0<strong>performance\u00a0<\/strong><a href=\"https:\/\/www.rakvereteater.ee\/la-h-us\" target=\"_blank\" rel=\"noopener\"><strong>\u201cLahus<\/strong>\u201d<\/a>\u00a0<span style=\"font-size: 10pt;\">(separate tickets will be sold)<\/span><br \/>\n<strong>21.00 #NOORTEKAS<\/strong>,\u00a0<a href=\"https:\/\/www.aparaaditehas.ee\/en\" target=\"_blank\" rel=\"noopener\">The Widget Factory<\/a>,\u00a0Kastani 42<\/p>\n<p><em>Sports: Golf, tennis<\/em><br \/>\n<em>Activities for children and youth<\/em><\/p>\n<h1>Tallinn<\/h1>\n<h4>Monday, 1. July<\/h4>\n<p><strong>09.00<\/strong>\u00a0All aboard the ESTO buses and train to Tallinn<\/p>\n<p><strong>ESTO@<a href=\"https:\/\/telliskivi.cc\/en\/\" target=\"_blank\" rel=\"noopener\">Telliskivi Creative City<\/a><br \/>\n13.00-18.00\u00a0EstDocs@ESTO Film Festival, <\/strong><span style=\"font-size: 10pt;\">S\u00f5ltumatu Tantsu Lava,\u00a0Telliskivi 60a\/9<\/span><strong><br \/>\n<\/strong><strong>13.00 Networks meet-up<\/strong>,\u00a0<span style=\"font-size: 10pt;\"><a href=\"https:\/\/www.erinevatetubadeklubi.ee\/en\/tallinn\/rooms\/\" target=\"_blank\" rel=\"noopener\">Club of Different Rooms<\/a>,\u00a0Telliskivi 60-A1-65<\/span><br \/>\n13.00 \u2013 14.00 Estonian Houses and camps<br \/>\n14.10 \u2013 15.10 Estonian church abroad<br \/>\n15.20 \u2013 16.20 Estonian media and information channels abroad<br \/>\n16.30 \u2013 17.30\u00a0Learning Estonian abroad<br \/>\n17.40 \u2013 18.40 Youth networking &amp; camps<br \/>\n18.50 &#8211; 19.50 Estonian researchers abroad<br \/>\n<strong>20.00\u00a0 CANADA DAY\u00a0<\/strong><strong>Oh Canada!<\/strong>,<span style=\"font-size: 10pt;\">\u00a0<a href=\"https:\/\/www.karbes.ee\/\" target=\"_blank\" rel=\"noopener\">Kitchen&amp;Bar K\u00e4rbes<\/a>,\u00a0Telliskivi 60 A, C1<\/span><br \/>\n<strong>22.00\u00a0 NERDS NIGHT,\u00a0<\/strong><span style=\"font-size: 10pt;\"><a href=\"https:\/\/www.erinevatetubadeklubi.ee\/en\/tallinn\/location\/\" target=\"_blank\" rel=\"noopener\">Club of Different Rooms<\/a>,\u00a0Telliskivi 60-A1-65<\/span><strong><br \/>\n#NOORTEKAS\u00a0<\/strong><span style=\"font-size: 10pt;\"><a href=\"https:\/\/telliskivi.cc\/en\/\" target=\"_blank\" rel=\"noopener\">Telliskivi Creative City<\/a><\/span><\/p>\n<h4>Tuesday, 2. July<\/h4>\n<p><b>\u201ce-Estonia &#8211; exciting opportunities for global youth\u201d<\/b><\/p>\n<p><strong>10.00<\/strong>\u00a0<strong>e-Estonia<\/strong>\u00a0<a href=\"https:\/\/e-estonia.com\/showroom\/\" target=\"_blank\" rel=\"noopener\">Showroom e-Estonia,<span style=\"font-size: 10pt;\">\u00a0<\/span><\/a><span style=\"font-size: 10pt;\">L\u00f5\u00f5tsa 2A<\/span><strong><br \/>\n12.00<\/strong>\u00a0<strong>e-Government<\/strong>\u00a0<a href=\"https:\/\/www.riigikantselei.ee\/en\/stenbock-house\" target=\"_blank\" rel=\"noopener\">Stenbock House,\u00a0<\/a><span style=\"font-size: 10pt;\">Rahukohtu 3<\/span><strong><br \/>\n<\/strong>13.30 Lunch at Telliskivi<br \/>\n<strong>14.00-14.20 Youth representatives presentation on the National Congress\u00a0<\/strong><strong>\u201cYouth Activities &amp; the Future\u201d<\/strong>\u00a0<strong>\u00a0<\/strong><span style=\"font-size: 10pt;\"><a href=\"https:\/\/www.erinevatetubadeklubi.ee\/en\/tallinn\/location\/\" target=\"_blank\" rel=\"noopener\">Club of Different Rooms<\/a>,\u00a0Telliskivi 60-A1-65<br \/>\n<\/span><strong>14.30 Meetings with Business Community \/ Company visits<br \/>\n<\/strong><strong>17.00 Workshop- Creating (business) ideas \u2013 Global Networking with Estos around the world<br \/>\n<\/strong>19.00 Dinner at Telliskivi<br \/>\n<strong>\u00a0#NOORTEKAS<\/strong><br \/>\n<strong>22.00\u00a0 NERDS NIGHT,\u00a0<\/strong><span style=\"font-size: 10pt;\"><a href=\"https:\/\/www.erinevatetubadeklubi.ee\/en\/tallinn\/location\/\" target=\"_blank\" rel=\"noopener\">Club of Different Rooms<\/a>,\u00a0Telliskivi 60-A1-65<\/span><br \/>\n&#8211; Evening tour in Tallinn\u2019s <a href=\"https:\/\/www.visitestonia.com\/en\/where-to-go\/tallinn\/tallinn-old-town\" target=\"_blank\" rel=\"noopener\">Old Town<\/a><\/p>\n<h4>Wednesday, 3. July<\/h4>\n<p><strong>ESTO@<a href=\"https:\/\/www.ajaloomuuseum.ee\/en\" target=\"_blank\" rel=\"noopener\">Maarjam\u00e4e History Centre<\/a><br \/>\n<\/strong><strong>11.00 Exhibition \u201c<a href=\"https:\/\/www.ajaloomuuseum.ee\/exhibitions\/permanent-exhibitions\/minu-vaba-riik\" target=\"_blank\" rel=\"noopener\">My Free Country<\/a>\u201c<\/strong>\u00a0guided tours,\u00a0<a href=\"https:\/\/www.ajaloomuuseum.ee\/visiting\/buildings\/maarjamae-palace\" target=\"_blank\" rel=\"noopener\">Maarjam\u00e4e Palace<\/a>,\u00a0<span style=\"font-size: 10pt;\">Pirita tee 56<\/span><br \/>\nFrom 12.00 Lunch at\u00a0<a href=\"https:\/\/www.ajaloomuuseum.ee\/visiting\/restaurant-maarjamae\" target=\"_blank\" rel=\"noopener\">Restaurant Maarjam\u00e4e<\/a><br \/>\n<strong>13.00 Networks meet-up<\/strong>,\u00a0<a href=\"https:\/\/www.ajaloomuuseum.ee\/visiting\/buildings\/filmmuseum\" target=\"_blank\" rel=\"noopener\">Filmmuseum<\/a>,\u00a0<span style=\"font-size: 10pt;\">Pirita tee 56<\/span><br \/>\n\u2013 Cultural entrepreneurship and diplomacy<br \/>\n\u2013 #eEstonia #WorkEstonia #WorkForEstonia<\/p>\n<p><strong>16.00 Guided tour<\/strong>\u00a0<a href=\"https:\/\/www.memoriaal.ee\/en\/memorial\/#directions\" target=\"_blank\" rel=\"noopener\"><strong>The Memorial for Vic<\/strong><strong>tims of Communisim 1940-1991,\u00a0<\/strong><\/a><br \/>\n<span style=\"font-size: 10pt;\">Maarjam\u00e4e, Pirita road<\/span><br \/>\n<strong>17.00 Commemorative Ceremony\u00a0<a href=\"https:\/\/www.memoriaal.ee\/en\/garden\/\" target=\"_blank\" rel=\"noopener\">Home Garden<\/a><\/strong><strong>,<\/strong><span style=\"font-size: 10pt;\">\u00a0Maarjam\u00e4e, Pirita road<\/span><\/p>\n<p><strong>20.00 ESTO 2019 GALA BALL<\/strong>,\u00a0<a href=\"http:\/\/meremuuseum.ee\/lennusadam\/en\/the-museum\/the-seaplane-harbours-story\/\" target=\"_blank\" rel=\"noopener\">Seaplane Harbour<\/a>,\u00a0<span style=\"font-size: 10pt;\">Vesilennuki 6<\/span><br \/>\n<strong>20.00<\/strong>\u00a0<strong>SALAK\u00d5RTS,\u00a0<\/strong><a href=\"https:\/\/www.karbes.ee\/\" target=\"_blank\" rel=\"noopener\">Kitchen&amp;Bar K\u00e4rbes<\/a>,\u00a0<span style=\"font-size: 10pt;\">Telliskivi 60 A, C1<\/span><\/p>\n<p><strong>In addition, our programme offers multiple activities for children and youth!<\/strong><\/p>\n<h4>Thursday, 4 July<\/h4>\n<p>10.00 &#8211; 10.45 Guided tour, Patarei Prison<br \/>\n11.00 &#8211; 11.45\u00a0Guided tour, Patarei Prison<br \/>\n<strong>12.00 Exhibition\u00a0\u201cSharing Our Stories: The Balitc Diaspora at Home in Canada\u201d opening<\/strong>, <span style=\"font-size: 10pt;\">Patarei Prison<\/span><\/p>\n","protected":false},"excerpt":{"rendered":"<p>ESTO2019 \u201cOur Future\u201d brings the youth a special programme &#8211; find an event you enjoy and join us! Helsinki Thursday, 27. June 12.00 &#8211; 16.00 Open House at Eesti Maja, S\u00f6rn\u00e4isten rantatie 22 13.00 Youth caf\u00e9,\u00a0Circus Helsinki\u00a0(the same entrance as Eesti Maja)\u00a0 14.00 Historian Heikki Rausmaa &#8220;Much could be done in the name of culture\u201d [&hellip;]<\/p>\n","protected":false},"author":1,"featured_media":0,"parent":0,"menu_order":0,"comment_status":"closed","ping_status":"closed","template":"","meta":{"footnotes":"","_links_to":"","_links_to_target":""},"_links":{"self":[{"href":"https:\/\/2019.estofestival.com\/en\/wp-json\/wp\/v2\/pages\/2522"}],"collection":[{"href":"https:\/\/2019.estofestival.com\/en\/wp-json\/wp\/v2\/pages"}],"about":[{"href":"https:\/\/2019.estofestival.com\/en\/wp-json\/wp\/v2\/types\/page"}],"author":[{"embeddable":true,"href":"https:\/\/2019.estofestival.com\/en\/wp-json\/wp\/v2\/users\/1"}],"replies":[{"embeddable":true,"href":"https:\/\/2019.estofestival.com\/en\/wp-json\/wp\/v2\/comments?post=2522"}],"version-history":[{"count":15,"href":"https:\/\/2019.estofestival.com\/en\/wp-json\/wp\/v2\/pages\/2522\/revisions"}],"predecessor-version":[{"id":3633,"href":"https:\/\/2019.estofestival.com\/en\/wp-json\/wp\/v2\/pages\/2522\/revisions\/3633"}],"wp:attachment":[{"href":"https:\/\/2019.estofestival.com\/en\/wp-json\/wp\/v2\/media?parent=2522"}],"curies":[{"name":"wp","href":"https:\/\/api.w.org\/{rel}","templated":true}]}}